{"id":54,"date":"2019-09-29T20:22:31","date_gmt":"2019-09-29T18:22:31","guid":{"rendered":"http:\/\/staging.ff.meckenhausen.com\/?page_id=54"},"modified":"2019-10-03T16:06:06","modified_gmt":"2019-10-03T14:06:06","slug":"impressum","status":"publish","type":"page","link":"https:\/\/ff.meckenhausen.com\/index.php\/impressum\/","title":{"rendered":"Impressum"},"content":{"rendered":"\n<p>Freiwillige Feuerwehr Meckenhausen<br>91161 Hilpoltstein<\/p>\n\n\n\n<p>Telefon: +49 9179 9299533<\/p>\n\n\n\n<p><a href=\"https:\/\/ff.meckenhausen.com\/index.php\/kontakt\/\">Kontakt<\/a><\/p>\n\n\n\n<h1 class=\"wp-block-heading\">Haftungsausschluss<\/h1>\n\n\n\n<h2 class=\"wp-block-heading\"><strong>1. Inhalt des Onlineangebotes<\/strong><\/h2>\n\n\n\n<p>Der Autor \u00fcbernimmt keinerlei Gew\u00e4hr \nf\u00fcr die Aktualit\u00e4t, Korrektheit, Vollst\u00e4ndigkeit oder Qualit\u00e4t der \nbereitgestellten Informationen. Haftungsanspr\u00fcche gegen den Autor, \nwelche sich auf Sch\u00e4den materieller oder ideeller Art beziehen, die \ndurch die Nutzung oder Nichtnutzung der dargebotenen Informationen bzw. \ndurch die Nutzung fehlerhafter und unvollst\u00e4ndiger Informationen \nverursacht wurden, sind grunds\u00e4tzlich ausgeschlossen, sofern seitens des\n Autors kein nachweislich vors\u00e4tzliches oder grob fahrl\u00e4ssiges \nVerschulden vorliegt.<\/p>\n\n\n\n<p>Alle Angebote sind freibleibend und \nunverbindlich. Der Autor beh\u00e4lt es sich ausdr\u00fccklich vor, Teile der \nSeiten oder das gesamte Angebot ohne gesonderte Ank\u00fcndigung zu \nver\u00e4ndern, zu erg\u00e4nzen, zu l\u00f6schen oder die Ver\u00f6ffentlichung zeitweise \noder endg\u00fcltig einzustellen.<\/p>\n\n\n\n<h2 class=\"wp-block-heading\"><strong>2. Verweise und Links<\/strong><\/h2>\n\n\n\n<p>Bei direkten oder indirekten Verweisen auf fremde Webseiten (\u201eHyperlinks\u201c),\n die au\u00dferhalb des Verantwortungsbereiches des Autors liegen, w\u00fcrde eine\n Haftungsverpflichtung ausschlie\u00dflich in dem Fall in Kraft treten, in \ndem der Autor von den Inhalten Kenntnis hat und es ihm technisch m\u00f6glich\n und zumutbar w\u00e4re, die Nutzung im Falle rechtswidriger Inhalte zu \nverhindern.<\/p>\n\n\n\n<p>Der Autor erkl\u00e4rt hiermit \nausdr\u00fccklich, dass zum Zeitpunkt der Linksetzung keine illegalen Inhalte\n auf den zu verlinkenden Seiten erkennbar waren. Auf die aktuelle und \nzuk\u00fcnftige Gestaltung, die Inhalte oder die Urheberschaft der \ngelinkten\/verkn\u00fcpften Seiten hat der Autor keinerlei Einfluss. Deshalb \ndistanziert er sich hiermit ausdr\u00fccklich von allen Inhalten aller \ngelinkten\/verkn\u00fcpften Seiten, die nach der Linksetzung ver\u00e4ndert wurden.\n Diese Feststellung gilt f\u00fcr alle innerhalb des eigenen \nInternetangebotes gesetzten Links und Verweise sowie f\u00fcr Fremdeintr\u00e4ge \nin vom Autor eingerichteten G\u00e4steb\u00fcchern, Diskussionsforen, \nLinkverzeichnissen, Mailinglisten und in allen anderen Formen von \nDatenbanken, auf deren Inhalt externe Schreibzugriffe m\u00f6glich sind. F\u00fcr \nillegale, fehlerhafte oder unvollst\u00e4ndige Inhalte und insbesondere f\u00fcr \nSch\u00e4den, die aus der Nutzung oder Nichtnutzung solcherart dargebotener \nInformationen entstehen, haftet allein der Anbieter der Seite, auf \nwelche verwiesen wurde, nicht derjenige, der \u00fcber Links auf die \njeweilige Ver\u00f6ffentlichung lediglich verweist.<\/p>\n\n\n\n<h2 class=\"wp-block-heading\"><strong>3. Urheber- und Kennzeichenrecht<\/strong><\/h2>\n\n\n\n<p>Der Autor ist bestrebt, in allen \nPublikationen die Urheberrechte der verwendeten Grafiken, Tondokumente, \nVideosequenzen und Texte zu beachten, von ihm selbst erstellte Grafiken,\n Tondokumente, Videosequenzen und Texte zu nutzen oder auf lizenzfreie \nGrafiken, Tondokumente, Videosequenzen und Texte zur\u00fcckzugreifen.<\/p>\n\n\n\n<p>Alle innerhalb des Internetangebotes \ngenannten und gegebenenfalls durch Dritte gesch\u00fctzten Marken- und \nWarenzeichen unterliegen uneingeschr\u00e4nkt den Bestimmungen des jeweils \ng\u00fcltigen Kennzeichenrechts und den Besitzrechten der jeweiligen \neingetragenen Eigent\u00fcmer. Allein aufgrund der blo\u00dfen Nennung ist nicht \nder Schluss zu ziehen, dass Markenzeichen nicht durch Rechte Dritter \ngesch\u00fctzt sind!<\/p>\n\n\n\n<p>Das Copyright f\u00fcr ver\u00f6ffentlichte, vom\n Autor selbst erstellte Objekte bleibt allein beim Autor der Seiten. \nEine Vervielf\u00e4ltigung oder Verwendung solcher Grafiken, Tondokumente, \nVideosequenzen und Texte in anderen elektronischen oder gedruckten \nPublikationen ist ohne ausdr\u00fcckliche Zustimmung des Autors nicht \ngestattet.<\/p>\n\n\n\n<h2 class=\"wp-block-heading\"><strong>4. Datenschutz<\/strong><\/h2>\n\n\n\n<p>Siehe <a href=\"http:\/\/staging.ff.meckenhausen.com\/index.php\/datenschutzerklaerung\/\">Datenschutzerkl\u00e4rung<\/a><\/p>\n\n\n\n<p>Die Nutzung der im Rahmen des \nImpressums oder vergleichbarer Angaben ver\u00f6ffentlichten Kontaktdaten wie\n Postanschriften, Telefon- und Faxnummern sowie Emailadressen durch \nDritte zur \u00dcbersendung von nicht ausdr\u00fccklich angeforderten \nInformationen ist nicht gestattet. Rechtliche Schritte gegen die \nVersender von sogenannten Spam-Mails bei Verst\u00f6\u00dfen gegen dieses Verbot \nsind ausdr\u00fccklich vorbehalten.<\/p>\n\n\n\n<h2 class=\"wp-block-heading\"><strong>5. Rechtswirksamkeit dieses Haftungsausschlusses<\/strong><\/h2>\n\n\n\n<p>Dieser Haftungsausschluss ist als Teil\n des Internetangebotes zu betrachten, von dem aus auf diese Seite \nverwiesen wurde. Sofern Teile oder einzelne Formulierungen dieses Textes\n der geltenden Rechtslage nicht, nicht mehr oder nicht vollst\u00e4ndig \nentsprechen sollten, bleiben die \u00fcbrigen Teile des Dokumentes in ihrem \nInhalt und ihrer G\u00fcltigkeit davon unber\u00fchrt.<\/p>\n","protected":false},"excerpt":{"rendered":"<p>Freiwillige Feuerwehr Meckenhausen91161 Hilpoltstein Telefon: +49 9179 9299533 Kontakt Haftungsausschluss 1. Inhalt des Onlineangebotes Der Autor \u00fcbernimmt keinerlei Gew\u00e4hr f\u00fcr die Aktualit\u00e4t, Korrektheit, Vollst\u00e4ndigkeit oder &hellip; <\/p>\n","protected":false},"author":1,"featured_media":0,"parent":0,"menu_order":0,"comment_status":"closed","ping_status":"closed","template":"","meta":{"ngg_post_thumbnail":0,"cybocfi_hide_featured_image":"","footnotes":""},"class_list":["post-54","page","type-page","status-publish","hentry"],"_links":{"self":[{"href":"https:\/\/ff.meckenhausen.com\/index.php\/wp-json\/wp\/v2\/pages\/54","targetHints":{"allow":["GET"]}}],"collection":[{"href":"https:\/\/ff.meckenhausen.com\/index.php\/wp-json\/wp\/v2\/pages"}],"about":[{"href":"https:\/\/ff.meckenhausen.com\/index.php\/wp-json\/wp\/v2\/types\/page"}],"author":[{"embeddable":true,"href":"https:\/\/ff.meckenhausen.com\/index.php\/wp-json\/wp\/v2\/users\/1"}],"replies":[{"embeddable":true,"href":"https:\/\/ff.meckenhausen.com\/index.php\/wp-json\/wp\/v2\/comments?post=54"}],"version-history":[{"count":3,"href":"https:\/\/ff.meckenhausen.com\/index.php\/wp-json\/wp\/v2\/pages\/54\/revisions"}],"predecessor-version":[{"id":750,"href":"https:\/\/ff.meckenhausen.com\/index.php\/wp-json\/wp\/v2\/pages\/54\/revisions\/750"}],"wp:attachment":[{"href":"https:\/\/ff.meckenhausen.com\/index.php\/wp-json\/wp\/v2\/media?parent=54"}],"curies":[{"name":"wp","href":"https:\/\/api.w.org\/{rel}","templated":true}]}}